{"id":1005,"date":"2023-10-13T12:16:25","date_gmt":"2023-10-13T12:16:25","guid":{"rendered":"https:\/\/cresielpo.uniroma3.it\/?page_id=1005"},"modified":"2023-10-13T12:19:07","modified_gmt":"2023-10-13T12:19:07","slug":"faq","status":"publish","type":"page","link":"https:\/\/cresielpo.uniroma3.it\/index.php\/attivita-di-formazione-2\/attivita-di-formazione\/winter-school-professione-formazione-competenze-per-la-progettazione\/faq\/","title":{"rendered":"FAQ"},"content":{"rendered":"<p><em><strong>Ringraziamo quanti ci stanno ponendo domande utili a chiarire meglio obiettivi e contenuti della WS.<\/strong><\/em><\/p>\n<h3>Perch\u00e8 &#8220;solo&#8221; un corso di 30 ore?<\/h3>\n<p>Nel Regolamento universitario di Roma TRE, la winter\/summer school viene definita come:<br \/>\n(&#8230;) d) per Corsi Intensivi, Summer Schools, Winter Schools: i corsi previsti dall\u2019art. 4 lettera g del Regolamento Didattico di Ateneo, anche a dimensione internazionale, cui si pu\u00f2 accedere anche con il diploma di scuola media superiore. Hanno durata di norma da una a quattro settimane, anche svolte non consecutivamente in periodi diversi dell\u2019anno, e fanno conseguire un attestato di frequenza finale, con il riconoscimento di un numero di crediti di norma non superiore a dieci; (&#8230;)<br \/>\nRispetto all&#8217;offerta di altri percorsi formativi in Universitari, pi\u00f9 lunghi e articolati, che richiedono la laurea per accedere, che consentono di ottenere pi\u00f9 CFU, la WS si vuole porre come una opportunit\u00e0 di aggiornamento pi\u00f9 breve e flessibile, aperta a chi possiede il diploma di scuola secondaria di secondo grado, che magari \u00e8 occupato\/a nel settore, ma che soprattutto, dopo anni di lavoro sul campo avverte il desiderio di tornare a studiare, per dare fondamenta nuove alle proprie attivit\u00e0, seppur svolte con qualit\u00e0 e dedizione.<\/p>\n<h3>Tutti quei contenuti per ognuno dei moduli da 3 ore ?<\/h3>\n<p>Dunque, la seconda risposta si collega alla prima.<br \/>\nLa WS non ha l&#8217;obiettivo di qualificare la figura professionale del progettista di formazione.<br \/>\nNon si pu\u00f2 fare in 30 ore, ma soprattutto non \u00e8 compito dell&#8217;Universit\u00e0 farlo.<br \/>\nLa WS ha l&#8217;obiettivo di contribuire a sviluppare alcune competenze chiave del progettista di formazione, che attengono alla capacit\u00e0 di osservare il contesto culturale, economico, sociale e organizzativo di riferimento. Desideriamo farlo &#8220;usando&#8221; la teoria. Ma una buona teoria di riferimento \u00e8 quella che da spessore alla pratica; che consente di distinguere l&#8217;agire non riflessivo di un professionista da un agire consapevole, critico, autonomo e responsabile.<br \/>\nNell&#8217;offerta formativa abbiamo inserito molti contenuti che saranno per\u00f2 selezionati e tarati dai docenti di riferimento sulla base anche dei bisogni formativi dei partecipanti. Prima dell&#8217;inizio della WS pubblicheremo un programma aggiornato.<br \/>\nA tale fine, vi invitiamo a compilare il questionario conoscitivo: <a href=\"https:\/\/forms.office.com\/e\/cKbk9k71S9\" target=\"_blank\" rel=\"noopener\">https:\/\/forms.office.com\/e\/cKbk9k71S9<\/a>.<\/p>\n","protected":false},"excerpt":{"rendered":"<p>Ringraziamo quanti ci stanno ponendo domande utili a chiarire meglio obiettivi e contenuti della WS. Perch\u00e8 &#8220;solo&#8221; un corso di 30 ore? Nel Regolamento universitario &#8230; <\/p>\n","protected":false},"author":2,"featured_media":0,"parent":814,"menu_order":-3,"comment_status":"closed","ping_status":"closed","template":"","meta":{"footnotes":""},"class_list":["post-1005","page","type-page","status-publish","hentry"],"_links":{"self":[{"href":"https:\/\/cresielpo.uniroma3.it\/index.php\/wp-json\/wp\/v2\/pages\/1005","targetHints":{"allow":["GET"]}}],"collection":[{"href":"https:\/\/cresielpo.uniroma3.it\/index.php\/wp-json\/wp\/v2\/pages"}],"about":[{"href":"https:\/\/cresielpo.uniroma3.it\/index.php\/wp-json\/wp\/v2\/types\/page"}],"author":[{"embeddable":true,"href":"https:\/\/cresielpo.uniroma3.it\/index.php\/wp-json\/wp\/v2\/users\/2"}],"replies":[{"embeddable":true,"href":"https:\/\/cresielpo.uniroma3.it\/index.php\/wp-json\/wp\/v2\/comments?post=1005"}],"version-history":[{"count":3,"href":"https:\/\/cresielpo.uniroma3.it\/index.php\/wp-json\/wp\/v2\/pages\/1005\/revisions"}],"predecessor-version":[{"id":1011,"href":"https:\/\/cresielpo.uniroma3.it\/index.php\/wp-json\/wp\/v2\/pages\/1005\/revisions\/1011"}],"up":[{"embeddable":true,"href":"https:\/\/cresielpo.uniroma3.it\/index.php\/wp-json\/wp\/v2\/pages\/814"}],"wp:attachment":[{"href":"https:\/\/cresielpo.uniroma3.it\/index.php\/wp-json\/wp\/v2\/media?parent=1005"}],"curies":[{"name":"wp","href":"https:\/\/api.w.org\/{rel}","templated":true}]}}