{"id":189,"date":"2021-04-30T10:53:59","date_gmt":"2021-04-30T10:53:59","guid":{"rendered":"https:\/\/primoplesk.uniroma3.it\/?page_id=189"},"modified":"2025-12-02T22:18:18","modified_gmt":"2025-12-02T22:18:18","slug":"pagina-2","status":"publish","type":"page","link":"https:\/\/cresielpo.uniroma3.it\/index.php\/pagina-2\/","title":{"rendered":"Attivit\u00e0 di ricerca"},"content":{"rendered":"\n<p class=\"has-text-align-left\"><strong>L&#8217;Ingegnere Umanista. Ricerca Qualitativa.<\/strong><br>La ricerca ha analizzato l\u2019allineamento tra formazione ingegneristica e le competenze richieste dal mondo del lavoro, evidenziando la necessit\u00e0 di integrare saperi tecnici e competenze umanistiche per rispondere alle trasformazioni sociali e tecnologiche in corso. Il progetto ha individuato divari formativi, raccolto testimonianze professionali e formulato proposte operative per percorsi universitari pi\u00f9 aderenti ai nuovi contesti organizzativi. I risultati della ricerca sono stati presentati nel convegno del 26 novembre 2025 presso l\u2019Universit\u00e0 di Firenze, disponibile sui canali YouTube a questo link <a href=\"https:\/\/www.youtube.com\/watch?v=Uta39dpj1_M&amp;t=1962s\">L&#8217; &#8220;Ingegnere Umanista&#8221; &#8211; Scuola di Ingegneria dell&#8217;Universit\u00e0 di Firenze &#8211; 26\/11\/2025<\/a><br>2024-2025<\/p>\n\n\n\n<p><strong>Ricerca intervento<\/strong> <strong>\u201cMappatura, valutazione e sviluppo delle competenze delle Amministrazioni pubbliche\u201d<\/strong><br>CRES IELPO \/ DSF \/ ROMA TRE &#8211; UNIVERSITA&#8217; DEGLI STUDI DI GENOVA &#8211; SCUOLA NAZIONALE DELL&#8217;AMMINISTRAZIONE <br>Il progetto, promosso dalla Scuola Nazionale dell\u2019Amministrazione (SNA), in partnership con gli Atenei e Reti di Atenei, individuati a seguito dell\u2019Avviso per la presentazione di manifestazione di interesse del 15 aprile 2019, prevede, in relazione a ciascuna Amministrazione centrale partecipante, la mappatura dell\u2019organizzazione (ruolo e struttura), la realizzazione delle <em>job description<\/em> e <em>l\u2019assessment<\/em> delle competenze&nbsp;dei dirigenti di I e II fascia, al fine di individuare piani di sviluppo individuali e organizzativi. Il progetto prevede due fasi: la prima di lettura organizzativa, realizzata con le Universit\u00e0; la seconda di <em>assessment<\/em> delle competenze, realizzata dalla SNA.<br>2020-2021<\/p>\n\n\n\n<p class=\"has-bianco-color has-arancione-background-color has-text-color has-background\"><strong>ECOLHE. Empower Competences for Onlife Learning in HE<\/strong><br><strong>ERASMUS+ 2020-1-IT02-KA203-079176<\/strong><br>Il progetto ECOLHE ha la finalit\u00e0 di evidenziare esperienze, pratiche e competenze dei docenti, dei ricercatori e del personale universitario attivi in ambito digitale, al fine di favorire la diffusione delle migliori pratiche nella formazione e delle competenze per l&#8217;apprendimento online e blended nell&#8217;istruzione superiore.<br><strong><a rel=\"noreferrer noopener\" href=\"http:\/\/ecolhe.eu\/\" target=\"_blank\">http:\/\/ecolhe.eu\/<\/a><\/strong><br>2020-2023<\/p>\n\n\n\n<p><strong>La mappa dell\u2019imprenditoria immigrata in Italia, con particolare riferimento all\u2019inclusione e alle strategie formative e informative nel campo della salute e della sicurezza<\/strong><br><em>Organizzazioni partecipanti: INAIL \u2013 CENSIS \u2013 UNIVERSITA\u2019 DEGLI STUDI ROMA TRE DSF.<\/em><br><a rel=\"noreferrer noopener\" href=\"https:\/\/www.censis.it\/lavoro\/la-mappa-dell%E2%80%99imprenditoria-immigrata-italia-0\" target=\"_blank\">Convegno di presentazione dei risultati<\/a><br>Download <a rel=\"noreferrer noopener\" href=\"https:\/\/www.censis.it\/sites\/default\/files\/downloads\/Rapporto_Digital.pdf\" target=\"_blank\">La mappa dell\u2019imprenditoria immigrata in Italia &#8211; Testo integrale<\/a><br>2017-2019&nbsp;&nbsp;&nbsp;<\/p>\n\n\n\n<p class=\"has-bianco-color has-arancione-background-color has-text-color has-background\"><strong>DECODE. Develop Competences in Digital Era Erasmus+ <\/strong><br><strong>ERASMUS+ 2016-1-IT02-KA201-024234<\/strong><br>Il progetto Erasmus+ \u00e8 finalizzato a esplorare le nuove competenze necessarie ai professionisti della formazione, ora che la tecnologia sta diventando sempre pi\u00f9 comune nelle aule scolastiche.<br>L\u2019obiettivo principale \u00e8 contribuire al miglioramento del processo di digitalizzazione delle scuole. Il progetto svilupper\u00e0 rapporti di ricerca e risorse formative per gli insegnanti.<br>Il consorzio di DECODE \u00e8 composto da sette partner provenienti da cinque differenti paesi europei: Fondazione Link Campus University, Universit\u00e0 Roma Tre DSF, ANP (Italia), OMIA (Finlandia), Institution of Educational Sciences (Romania), UOC Edu l@b (Spagna) e ASPIRE IGEN (Regno Unito).<br><a rel=\"noreferrer noopener\" href=\"http:\/\/decode-net.eu\/\" target=\"_blank\"><strong>http:\/\/decode-net.eu\/<\/strong><\/a><br>2016-2019&nbsp;&nbsp;&nbsp;<\/p>\n\n\n\n<p><strong>ELIS<\/strong>&nbsp;<strong>&#8211; Monitoraggio e valutazione dei corsi di formazione continua in azienda <\/strong><br>A<em>mmessi al finanziamento di Fondimpresa. <\/em><br><em>L\u2019equipe di ricerca del Centro ha assicurato il monitoraggio della progettazione, dell&#8217;erogazione e la valutazione finale.&nbsp;<\/em><br>2017-2018<\/p>\n\n\n\n<p><strong>Le sfide della scuola nell\u2019era digitale. Una ricerca sociologica sulle competenze digitali dei docenti<\/strong><br>Ricerca: Link Campus University, CRES-IELPO, Universit\u00e0 Roma Tre, ANP <br>Il lavoro si inserisce nel filone della ricerca sociologica&nbsp;adottando una metodologia qualitativa&nbsp;e quantitativa volta a superare prospettive&nbsp;di inconciliabilit\u00e0 talvolta esasperate. I risultati&nbsp;presentati sono frutto di una ricerca sperimentale&nbsp;che mira ad inserirsi nel dibattito delle public&nbsp;policy per l\u2019education con un intento&nbsp;descrittivo-interpretativo volto alla comprensione&nbsp;dei cambiamenti in atto.<br><strong><a href=\"http:\/\/eurilink.it\/prodotto\/le-sfide-della-scuola-nellera-digitale-una-ricerca-sociologica-sulle-competenze-digitali-dei-docenti\/\" target=\"_blank\" rel=\"noreferrer noopener\">http:\/\/eurilink.it\/prodotto\/le-sfide-della-scuola-nellera-digitale-una-ricerca-sociologica-sulle-competenze-digitali-dei-docenti\/<\/a><\/strong><br>2015-2017<\/p>\n\n\n\n<p><strong>ELIS &#8211; Monitoraggio e valutazione del progetto &#8220;Tra.In-Training Innovation&#8221;<\/strong>&nbsp;<br>Formazione continua in azienda finanziata da Fondimpresa.&nbsp;<br>2015-2016&nbsp;&nbsp;&nbsp;<\/p>\n\n\n\n<p><strong>Analisi, sperimentazione e monitoraggio di azioni positive di politiche attive. <\/strong><br>CRES IELPO \/ ISFOL. <br>2015 \/ 2016 <\/p>\n\n\n\n<p><strong>USR Lazio: Ricerca &#8220;Orientamento e partnership dei genitori&#8221;<\/strong>&nbsp;<br><em>La Ricerca, realizzata per conto dell\u2019Ufficio Scolastico Regionale del Lazio, ha una finalit\u00e0 descrittivo-esplicativa con l\u2019intento di fornire informazioni sulle attese, l\u2019approccio, i bisogni e l\u2019idea di orientamento che caratterizzano i tre distinti attori implicati nel processo, genitori, studenti e docenti.<\/em>&nbsp;<br>2015&nbsp;&nbsp;&nbsp;<\/p>\n\n\n\n<p class=\"has-bianco-color has-arancione-background-color has-text-color has-background\"><strong>MOVE. MOvement Valorize Europe. New Competence for trainers &#8211; Erasmus+<\/strong>&nbsp;<br><strong>ERASMUS+ 2015-1-IT01-KA202-004704<\/strong><br>MOVE nasce dalla consapevolezza che il comparto dello sport dilettantistico rappresenta un settore economico sempre pi\u00f9 importante in Europa e che per questo il tema della formazione delle tante e diverse figure che impiega \u00e8 strategico. Queste figure professionali infatti sono al centro di temi quali il benessere psico fisico della popolazione e l&#8217;inclusione sociale rappresentando quasi una cerniera tra diversi sistemi: educativo, sanitario, sociale. L&#8217;obiettivo principale di MOVE \u00e8 quindi quello di progettare attraverso un processo di ricerca e analisi partecipativo delle Unit\u00e0 di Apprendimento per Competenze capaci di rafforzare nelle diverse figure professionali (istruttori, istruttrici, maestri o dirigenti sportivi, operatori in senso lato a prescindere dalla pratica sportiva) le dimensioni strategiche e trasversali quali quella relazionale, multiculturale, dell&#8217;empowerment e resilienza ad es. Per questo MOVE ha costruito un partenariato (Italia, Bulgaria, Grecia e Polonia) tra Associazioni sportive nazionali, Universit\u00e0 e VET provider, includendo cos\u00ec diversi approcci ed esperienze. Gli obiettivi principali delle sue attivit\u00e0 sono: qualificare l&#8217;offerta formativa per gli operatori sportivi introducendo il tema delle competenze; migliorare la capacit\u00e0 degli operatori di cogliere le esigenze delle persone con cui lavorano; valorizzare la potenzialit\u00e0 del comparto di incidere sul benessere della popolazione; contribuire al riconoscimento delle qualifiche a livello europeo e aumentare la fiducia tra i diversi sistemi.&nbsp;<br><a rel=\"noreferrer noopener\" href=\"http:\/\/www.projectmove.eu\/index.php\/en\/\" target=\"_blank\"><strong>http:\/\/www.projectmove.eu\/index.php\/en\/<\/strong><\/a><br>2014-2016&nbsp;&nbsp;&nbsp;<\/p>\n\n\n\n<p><strong>Progetto \u201cStudio e analisi per la verifica e la messa a punto di un modello pilota di monitoraggio e valutazione per la formazione continua nella Provincia Autonoma di Bolzano\u201d<\/strong>&nbsp;<br><em>Provincia di Bolzano \u2013 P.O. 2007\/2013 del FSE Competitivit\u00e0 ed Occupazione Obiettivo 2 \u2013 Anno 2013<\/em>&nbsp;<br>2013-2014&nbsp;&nbsp;&nbsp;<\/p>\n\n\n\n<p><strong>Progetto promosso dalla Provincia di Roma \u201cServizio di progettazione sperimentazione e attuazione nel territorio della provincia di Roma di un modello orientato all\u2019analisi ed alla valutazione delle potenzialit\u00e0 lavorative ed attitudinali delle persone con disabilit\u00e0\u201d<\/strong>&nbsp;<br><em>Realizzato in ATS con l\u2019Universit\u00e0 di Tor Vergata e l\u2019Associazione Capodarco Formazione.<\/em>&nbsp;<br>2009-2012&nbsp;&nbsp;&nbsp;<\/p>\n\n\n\n<p><strong>Indagine sulle reti scolastiche in Italia: stato dell\u2019arte e prospettive di regolazione<\/strong> <br>In collaborazione con LUISS Guido Carli \u2013 Osservatorio sulla scuola dell\u2019autonomia, Fondazione per la scuola \u2013 Compagnia San Paolo di Torino<br>2011-2012<br>2009-2011<\/p>\n","protected":false},"excerpt":{"rendered":"<p>L&#8217;Ingegnere Umanista. Ricerca Qualitativa.La ricerca ha analizzato l\u2019allineamento tra formazione ingegneristica e le competenze richieste dal mondo del lavoro, evidenziando la necessit\u00e0 di integrare saperi &#8230; <\/p>\n","protected":false},"author":1,"featured_media":0,"parent":0,"menu_order":0,"comment_status":"closed","ping_status":"closed","template":"","meta":{"footnotes":""},"class_list":["post-189","page","type-page","status-publish","hentry"],"_links":{"self":[{"href":"https:\/\/cresielpo.uniroma3.it\/index.php\/wp-json\/wp\/v2\/pages\/189","targetHints":{"allow":["GET"]}}],"collection":[{"href":"https:\/\/cresielpo.uniroma3.it\/index.php\/wp-json\/wp\/v2\/pages"}],"about":[{"href":"https:\/\/cresielpo.uniroma3.it\/index.php\/wp-json\/wp\/v2\/types\/page"}],"author":[{"embeddable":true,"href":"https:\/\/cresielpo.uniroma3.it\/index.php\/wp-json\/wp\/v2\/users\/1"}],"replies":[{"embeddable":true,"href":"https:\/\/cresielpo.uniroma3.it\/index.php\/wp-json\/wp\/v2\/comments?post=189"}],"version-history":[{"count":12,"href":"https:\/\/cresielpo.uniroma3.it\/index.php\/wp-json\/wp\/v2\/pages\/189\/revisions"}],"predecessor-version":[{"id":1117,"href":"https:\/\/cresielpo.uniroma3.it\/index.php\/wp-json\/wp\/v2\/pages\/189\/revisions\/1117"}],"wp:attachment":[{"href":"https:\/\/cresielpo.uniroma3.it\/index.php\/wp-json\/wp\/v2\/media?parent=189"}],"curies":[{"name":"wp","href":"https:\/\/api.w.org\/{rel}","templated":true}]}}