{"id":274,"date":"2021-11-11T12:22:52","date_gmt":"2021-11-11T12:22:52","guid":{"rendered":"https:\/\/cresielpo.uniroma3.it\/?page_id=274"},"modified":"2022-06-20T12:49:42","modified_gmt":"2022-06-20T12:49:42","slug":"direzione-scientifica","status":"publish","type":"page","link":"https:\/\/cresielpo.uniroma3.it\/index.php\/sample-page-2\/direzione-scientifica\/","title":{"rendered":"Direzione scientifica"},"content":{"rendered":"<h5><strong>Prof. Antonio Cocozza<\/strong><\/h5>\n<p><img decoding=\"async\" class=\"n3VNCb alignleft\" src=\"https:\/\/landing.luiss.it\/docenti\/curricula\/foto\/170001.jpg\" alt=\"ANTONIO COCOZZA | Impresa e Management\" data-noaft=\"1\" \/><\/p>\n<p>\u00c9 Professore Ordinario di Sociologia dei processi economici, del lavoro e delle organizzazioni, gi\u00e0 vicedirettore del Dipartimento di Scienze della Formazione dell&#8217;Universit\u00e0 degli Studi Roma Tre, Delegato del Rettore per l\u2019Alternanza Scuola-Lavoro, Presidente del Corso di laurea in \u201cScienze dell&#8217;educazione per Educatori e Formatori\u201d.<\/p>\n<p>Esperto di Sociologia del Lavoro e delle Organizzazioni, ha orientato gran parte delle ricerche e delle attivit\u00e0, dentro e fuori l&#8217;accademia, sullo studio del mondo delle organizzazioni in termini di paradigmi interpretativi, processi, strutture, dinamiche comportamentali e dimensioni valoriali.<\/p>\n<p>I principali campi di ricerca riguardano l&#8217;ambito di Human Resources Management, in un&#8217;ottica di studio interdisciplinare degli strumenti di gestione e valorizzazione delle persone all&#8217;interno delle organizzazioni di lavoro. Ha condotto importanti ricerche e approfondimenti in tema di relazioni industriali, apprendimento permanente, valutazione dei processi formativi, orientamento scolastico, diversity management, public administration, comunicazione d&#8217;impresa.<\/p>\n<p>Ha pubblicato numerosi volumi e articoli scientifici sul &#8220;sistema scuola&#8221;, sul ruolo del dirigente scolastico e sulla leadership educativa.<\/p>\n<p>Dal 2008-2009 \u00e8 Direttore dei Master in \u201cProcessi organizzativi e direttivi nella scuola dell&#8217;autonomia\u201d e \u201cPolitiche e Strumenti per la Direzione e la Valorizzazione delle Risorse Umane&#8221; presso il Dipartimento di Scienze della Formazione dell&#8217;Universit\u00e0 degli Studi Roma Tre.<\/p>\n<p>Dal 1999-2000 insegna presso la Libera universit\u00e0 internazionale degli studi sociali Guido Carli di Roma, dove attualmente \u00e8 docente del Corso di &#8220;Comunicazione d&#8217;impresa e gestione delle risorse umane&#8221; presso i Dipartimenti di Scienze Politiche e di Impresa &amp; Management. Presso la LUISS \u00e8 Coordinatore dell&#8217;Osservatorio sulla scuola dell&#8217;autonomia.<\/p>\n<p>\u00c8 componente del Consiglio Direttivo dell\u2019Associazione Italiana di Studio delle Relazioni Industriali (AISRI).<\/p>\n<p>\u00c8 membro di diversi comitati scientifici di riviste, tra cui &#8220;Sviluppo &amp; Organizzazione&#8221;, &#8220;Italian Journal of Sociology of Education&#8221;, &#8220;Geopolitical, Social Security and Freedom Journal&#8221;, &#8220;Amministrazione in cammino&#8221;.<\/p>\n<p>Dirige la Collana editoriale &#8220;Sociologia e Servizio sociale&#8221; edita da Roma Tre Press, Universit\u00e0 degli Studi Roma Tre.<\/p>\n<p>Componente del Comitato scientifico della collana \u201cModernit\u00e0 e Societ\u00e0\u201d edita da Armando Editore.<\/p>\n<p>\u00c8 iscritto all&#8217;Ordine dei giornalisti del Lazio.<\/p>\n<h6><span id=\"Premi_e_riconoscimenti\" class=\"mw-headline\">Premi e riconoscimenti<\/span><\/h6>\n<p>Nel 2006 \u00e8 stato insignito del &#8220;XXXIV Premio Scanno, Provincia de L&#8217;Aquila &#8211; Menzione speciale per la Sociologia&#8221;, per il volume: La razionalit\u00e0 nel pensiero sociologico tra olismo e individualismo.<\/p>\n<p>Ha ricevuto il Premio \u201cIpost: per la ricerca e lo studio\u201d edizione 2005-2006, per il volume: La riforma rivoluzionaria. Leadership, gruppi professionali e valorizzazione delle risorse umane nelle pubbliche amministrazioni.<\/p>\n<p>Nel 2015 \u00e8 stato insignito del &#8220;Premio Piero Romei 2015- ANP (Associazione Nazionale Dirigenti e Alte Professionalit\u00e0 della Scuola)&#8221;, per il volume: Il sistema scuola. Tra autonomia e responsabilit\u00e0 nel lifewide learning.<\/p>\n<p>Nel 2016 ha ricevuto il Premio Adriano Olivetti assegnato dall&#8217;Associazione Italiana Formatori (AIF) per il Progetto di Formazione Manageriale &#8220;La Missione della Comunit\u00e0 Bambino Ges\u00f9&#8221;: 1\u00ba Classificato Area Ricerca &amp; Innovazione; 1\u00ba Classificato Sezione Metodologica Blended; 2\u00ba Classificato ex Aequo Area Etica &amp; Responsabilit\u00e0 Sociale.<\/p>\n<p>Il 4 luglio 2018 gli \u00e8 stata conferita la Cittadinanza onoraria dal Comune di Casamarciano.<\/p>\n<h6>Tra le ultime pubblicazioni<\/h6>\n<ul>\n<li><i>Le sfide della scuola nell&#8217;era digitale. Una ricerca sociologica sulle competenze digitali dei docenti<\/i>, Eurilink, Roma, 2017.<\/li>\n<li>Dalla gestione alla valorizzazione della persona per un nuovo welfare, Sviluppo &amp; Organizzazione, n. 282, p. 66-71, 2018.<\/li>\n<li>Competenze e orientamento. Avvicinare la scuola al lavoro. Sviluppo &amp; Organizzazione, vol. 286, p. 64-74, 2019.<\/li>\n<li>Orientamento permanente e Alternanza Scuola-Lavoro: una nuova sfida per il sistema educativo e formativo italiano. In: (a cura di): Soresi S. Nota L., Il contributo dell&#8217;orientamento e del counselling all&#8217;agenda 2030, Cleup, Padova, 2019.<\/li>\n<li>Lo sviluppo dell\u2019imprenditoria immigrata in Italia: dall\u2019inclusione socio-economica alla tutela della salute e sicurezza nei luoghi di lavoro. In: (a cura di): Canta C.C., Accogliere la differenza. Trame culturali nel mediterraneo, Aracne Editrice, Roma, 2029..<\/li>\n<li>Innovazione e mutamento: la nuova frontiera della sociologia del lavoro tra welfare aziendale e smart working, Sociologia, n. 1, 2020<\/li>\n<li><i>Diseguaglianze e inclusione. Saggi di sociologia<\/i>, Roma Tre Press, Roma, 2020<\/li>\n<li>L\u2019agire inatteso. Etica, razionalit\u00e0 e competenze, Franco Angeli, Milano, 2020.<\/li>\n<li>Quale scuola per quale societ\u00e0?. In: (a cura di): Costa C. Bilotti E., Allargare gli orizzonti della carit\u00e0. Per una nuova progettualit\u00e0 sociale, Edizioni Culturali Universitarie San Filippo Neri, Roma, 2020.<\/li>\n<li>Imprenditoria straniera e salute e sicurezza sui luoghi di lavoro. Dai fattori di rischio agli obiettivi di policy: il caso Italia. In: (a cura di): Centro Studi e Ricerche IDOS, Rapporto Immigrazione e Imprenditoria 2019-2020. Idos, Roma, 2020.<\/li>\n<li>Unexpected action and insecurity: some structural characteristics of postmodernity, Geopolitical, social security and freedom journal. , 2020, Vol.3(2), p.26-41.<\/li>\n<li>Il processo decisionale nell\u2019era dell\u2019imprevedibile, Sviluppo &amp; Organizzazione, vol. 297, p. 18-25, 2021.<\/li>\n<li><i>Organizaciones. Culturas, modelos, gobernanza<\/i>, Uni\u00f3n Editorial, Madrid, 2021.<\/li>\n<li>Capitale immateriale, etica, education, competenze e sviluppo. In: (a cura di): Mario Al\u00ec, Conoscenza, competenza, creativit\u00e0, crescita. Il capitale immateriale per l&#8217;Italia di domani, Laterza, Bari- Roma, 2021.<\/li>\n<li>Decision Making in the Age of Uncertainty: a Sociological Analysis, Italian Journal of Sociology of Education, n, 3, p. 1-19, 2021.<\/li>\n<li>Nuove culture organizzative, aziende innvative e Modello Olivetti. In: (a cura di): La Rosa Michele, Il &#8220;modello&#8221; Olivetti. Passato, presente. E futuro?, Franco Angeli, Milano, 2022.<\/li>\n<li>Verso una riforma della formazione: criticit\u00e0 e opportunit\u00e0. In: (a cura di): Rebora Gianfranco, Le sfide organizzative del PNRR., ESTE, Milano, 2022.<\/li>\n<\/ul>\n","protected":false},"excerpt":{"rendered":"<p>Prof. Antonio Cocozza \u00c9 Professore Ordinario di Sociologia dei processi economici, del lavoro e delle organizzazioni, gi\u00e0 vicedirettore del Dipartimento di Scienze della Formazione dell&#8217;Universit\u00e0 &#8230; <\/p>\n","protected":false},"author":2,"featured_media":0,"parent":62,"menu_order":0,"comment_status":"closed","ping_status":"closed","template":"","meta":{"footnotes":""},"class_list":["post-274","page","type-page","status-publish","hentry"],"_links":{"self":[{"href":"https:\/\/cresielpo.uniroma3.it\/index.php\/wp-json\/wp\/v2\/pages\/274","targetHints":{"allow":["GET"]}}],"collection":[{"href":"https:\/\/cresielpo.uniroma3.it\/index.php\/wp-json\/wp\/v2\/pages"}],"about":[{"href":"https:\/\/cresielpo.uniroma3.it\/index.php\/wp-json\/wp\/v2\/types\/page"}],"author":[{"embeddable":true,"href":"https:\/\/cresielpo.uniroma3.it\/index.php\/wp-json\/wp\/v2\/users\/2"}],"replies":[{"embeddable":true,"href":"https:\/\/cresielpo.uniroma3.it\/index.php\/wp-json\/wp\/v2\/comments?post=274"}],"version-history":[{"count":4,"href":"https:\/\/cresielpo.uniroma3.it\/index.php\/wp-json\/wp\/v2\/pages\/274\/revisions"}],"predecessor-version":[{"id":676,"href":"https:\/\/cresielpo.uniroma3.it\/index.php\/wp-json\/wp\/v2\/pages\/274\/revisions\/676"}],"up":[{"embeddable":true,"href":"https:\/\/cresielpo.uniroma3.it\/index.php\/wp-json\/wp\/v2\/pages\/62"}],"wp:attachment":[{"href":"https:\/\/cresielpo.uniroma3.it\/index.php\/wp-json\/wp\/v2\/media?parent=274"}],"curies":[{"name":"wp","href":"https:\/\/api.w.org\/{rel}","templated":true}]}}