{"id":814,"date":"2023-09-14T08:15:10","date_gmt":"2023-09-14T08:15:10","guid":{"rendered":"https:\/\/cresielpo.uniroma3.it\/?p=814"},"modified":"2023-10-23T05:56:08","modified_gmt":"2023-10-23T05:56:08","slug":"winter-school-professione-formazione-competenze-per-la-progettazione","status":"publish","type":"page","link":"https:\/\/cresielpo.uniroma3.it\/index.php\/attivita-di-formazione-2\/attivita-di-formazione\/winter-school-professione-formazione-competenze-per-la-progettazione\/","title":{"rendered":"Winter School. Professione formazione: competenze per la progettazione"},"content":{"rendered":"\n<p class=\"has-text-align-center\"><strong>A. A. 2023 \u2013 2024<\/strong><\/p>\n\n\n\n<p>La <strong>Winter School <\/strong>in<strong> Professione formazione: competenze per la progettazione<\/strong> ha l\u2019obiettivo di favorire l\u2019aggiornamento degli operatori e degli esperti della formazione professionale e continua.<\/p>\n\n\n\n<h2 class=\"wp-block-heading\">Un rinnovato bisogno di aggiornamento<\/h2>\n\n\n\n<p>Si tratta di figure non iscritte ad albi professionali, ma nel 2021, uno dei principali Fondi Paritetici Interprofessionali, Fondimpresa, ha promosso l\u2019adozione di una <strong>prassi UNI\/PdR 116:2021<\/strong> (Prassi di Riferimento). La sua elaborazione \u00e8 nata dall\u2019esigenza di favorire e incoraggiare la formazione continua degli operatori delle organizzazioni che professionalmente si occupano di Vocational Training e che sono iscritte all\u2019Elenco dei Soggetti Proponenti qualificati ad operare su iniziative formative o Avvisi promossi da Fondimpresa.<br>In particolare, le Figure Professionali oggetto della prassi sono le cinque figure previste nell\u2019<a rel=\"noreferrer noopener\" href=\"https:\/\/www.gazzettaufficiale.it\/eli\/id\/2009\/01\/23\/09A00508\/sg\" target=\"_blank\">Accordo Stato Regioni del 2008<\/a> relativo alla definizione degli standard minimi del nuovo sistema di accreditamento delle strutture formative per la qualit\u00e0 dei servizi \u2013 che individua la dotazione di competenze necessarie alle organizzazioni che si occupano di formazione professionale e di formazione continua per poter conseguire l\u2019accreditamento regionale atto a poter svolgere attivit\u00e0 formative o finanziate o riconosciute dalle singole Regioni in cui le unit\u00e0 operative delle organizzazioni stesse si trovano ad operare.<br>L\u2019esigenza della prassi \u00e8 emersa in quanto tali organizzazioni spesso si giovano di personale che, pur essendo in possesso dei requisiti previsti dal citato Accordo Stato Regioni, non risultano essere iscritte a nessun Albo Professionale e quindi non soggette a discipline ordinistiche in merito a requisiti di accesso alla Professione o a pratiche obbligatorie di aggiornamento necessarie al mantenimento dell\u2019iscrizione stessa. Per questi casi il legislatore \u00e8 intervenuto provvedendo all\u2019istituzione di apposite Associazioni Professionali ai sensi della Legge 4\/2013 o rinviando alla norma ISO in materia di certificazione di terza parte. La prassi di Fondimpresa intende disciplinare, ai fini della riconoscibilit\u00e0 da parte del Fondo, le procedure di certificazione e di attestazione professionale iniziali e ricorrenti inerenti le cinque figure professionali, cos\u00ec da rendere evidenti i criteri di accettazione della documentazione utile al processo di qualificazione dei soggetti proponenti.<br>La prassi di riferimento, UNI\/PdR 116:2021, non \u00e8 una norma nazionale, ma \u00e8 un documento pubblicato da UNI, come previsto dal Regolamento UE n.1025\/2012, che raccoglie prescrizioni relative a prassi condivise da FONDIMPRESA, soggetto firmatario di un accordo di collaborazione con UNI. \u00c8 stata, infine, elaborata dal Tavolo \u201cProfili professionali operanti nell\u2019ambito della formazione continua\u201d condotto da UNI, costituito da esperti del settore.<br>L\u2019aggiornamento previsto dalla prassi prevede la partecipazione obbligatoria ad attivit\u00e0 formative per almeno 30 ore l\u2019anno.<br>La winter school ha l\u2019obiettivo di proporre un aggiornamento per due dei profili professionali operanti nell\u2019ambito della formazione professionale e continua, in coerenza con i requisiti di conoscenza, abilit\u00e0, autonomia e responsabilit\u00e0 e relativa attivit\u00e0 di aggiornamento professionale e con il Quadro Nazionale delle Qualificazioni (QNQ): il responsabile dell&#8217;analisi del fabbisogno formativo e del responsabile del processo di progettazione.<\/p>\n\n\n\n<h2 class=\"wp-block-heading\">Obiettivi formativi<\/h2>\n\n\n\n<p>Il Corso intende contribuire al miglioramento della qualit\u00e0 dell\u2019offerta della formazione professionale e continua, attraverso l\u2019aggiornamento di uno dei profili professionali chiave del settore.<br>Il Corso ha l\u2019obiettivo di aggiornare il seguente profilo professionale, di cui si descrivono le principali aree di attivit\u00e0:<br>il responsabile del processo di progettazione: sviluppa, in coerenza con l\u2019analisi e definizione dei fabbisogni, l\u2019architettura di un intervento formativo, le proposte progettuali per la formazione continua dei lavoratori, predisponendo il budget dell\u2019intervento formativo, pianificando e organizzando le attivit\u00e0 didattiche e programmando l&#8217;attivit\u00e0 didattica.<\/p>\n\n\n\n<h2 class=\"wp-block-heading has-argento-background-color has-background\"><a href=\"https:\/\/cresielpo.uniroma3.it\/index.php\/ws-professione-formazione-convenzioni\/ws-professione-formazione-offerta-formativa\/\" data-type=\"page\" data-id=\"950\" target=\"_blank\" rel=\"noreferrer noopener\">Offerta formativa<\/a><\/h2>\n\n\n\n<h2 class=\"wp-block-heading\">Destinatari<\/h2>\n\n\n\n<p>Il Corso \u00e8 riservato a operatori della formazione professionale e continua, in possesso di un diploma di scuola secondaria superiore.<br>La WS \u00e8 rivolta a chi gi\u00e0 lavora nel settore, ma \u00e8 aperta anche agli operatori precari e ai disoccupati con esperienze pregresse che vorrebbero consolidare il loro inserimento nel settore della formazione finanziata.<\/p>\n\n\n\n<h2 class=\"wp-block-heading\">Sbocchi occupazionali<\/h2>\n\n\n\n<p>Il Corso si propone come occasione di aggiornamento delle principali figure operanti nell\u2019ambito della formazione professionale e continua, con particolare riferimento a coloro che sono impegnati nei processi di analisi e definizione dei fabbisogni e progettazione delle azioni formative.<\/p>\n\n\n\n<h2 class=\"wp-block-heading\">Numero minimo e massimo di ammessi<\/h2>\n\n\n\n<p>Il numero minimo affinch\u00e9 il Corso venga attivato \u00e8 di 20 iscritti.<br>Il numero massimo degli ammessi al Corso \u00e8 di 80 iscritti.<br>Nel caso in cui le domande di ammissione superino il numero massimo di ammessi, la selezione prende in considerazione criteri di merito dell\u2019intera carriera formativa e professionale (voto di diploma, specializzazioni, abilitazioni, pubblicazioni, stage\/tirocini); ruoli in ambito lavorativo (direzione, coordinamento, organizzazione, progettazione, erogazione, amministrazione e rendicontazione di attivit\u00e0 formative).<br>Non sono previste azioni di riconoscimento delle competenze pregresse.<\/p>\n\n\n\n<h2 class=\"wp-block-heading\">Durata del corso<\/h2>\n\n\n\n<p>30 ore di didattica frontale (da erogarsi in presenza e in modo sincrono a distanza).<\/p>\n\n\n\n<h2 class=\"wp-block-heading\">Dove si svolge<\/h2>\n\n\n\n<p>Il Corso si svolge: in presenza, presso le sedi del Dipartimento di Scienze della formazione, in Via del Castro Pretorio 20 e in Via Principe Amedeo 182b; online, su piattaforma TEAMS.<\/p>\n\n\n\n<h2 class=\"wp-block-heading\">Tasse di iscrizione<\/h2>\n\n\n\n<p>La tassa di iscrizione ammonta a \u20ac 500,00.<br>L\u2019importo \u00e8 da versare in un\u2019unica rata, entro il 30\/11\/2023.<br>All\u2019importo della prima rata sono aggiunti l\u2019imposta fissa di bollo e il contributo per il rilascio dell\u2019attestato.<br>Le quote di iscrizione non sono rimborsate in caso di volontaria rinuncia, ovvero in caso di non perfezionamento della documentazione prevista per l\u2019iscrizione al Corso.<br>Non \u00e8 prevista l&#8217;iscrizione ai singoli moduli del Corso.<br>Il corso non prevede stage e la partecipazione di uditori.<\/p>\n\n\n\n<h3 class=\"wp-block-heading\">Esonero dalle tasse di iscrizione<\/h3>\n\n\n\n<p>A coloro i quali si trovino in condizioni di disabilit\u00e0 con riconoscimento di handicap ai sensi dell\u2019articolo 3, commi 1 e 3, della legge 5 febbraio 1992, n. 104, o con un\u2019invalidit\u00e0 pari o superiore al 66% \u00e8 riconosciuto l\u2019esonero totale delle tasse e dei contributi fino ad un massimo di 2 studenti. Tuttavia, nel caso di un numero di domande superiore a 2, tutti gli studenti con disabilit\u00e0 saranno tenuti al pagamento della prima rata e saranno esonerati dalla seconda. Per usufruire dell\u2019esonero \u00e8 necessario allegare alla domanda di ammissione un certificato di invalidit\u00e0 rilasciato dalla struttura sanitaria competente indicante la percentuale riconosciuta.<\/p>\n\n\n\n<h3 class=\"wp-block-heading\">Riduzione della tassa di iscrizione<\/h3>\n\n\n\n<p>Siamo al lavoro per stipulare <a rel=\"noreferrer noopener\" href=\"https:\/\/cresielpo.uniroma3.it\/index.php\/ws-professione-formazione-convenzioni\/\" data-type=\"page\" data-id=\"947\" target=\"_blank\">convenzioni con enti e societ\u00e0 di formazione e orientamento<\/a> che diano diritto a una riduzione sulla tassa di iscrizione dei propri collaboratori.<\/p>\n\n\n\n<h3 class=\"wp-block-heading\">Borse di studio<\/h3>\n\n\n\n<p>Sono previste n. 5 borse di studio.<br>Il Consiglio del Corso ha stabilito le seguenti articolazioni: n. 5 borse di studio parziali destinate a persone in stato di disoccupazione documentata, pari a un contributo di \u20ac 200,00 da detrarre dalla quota totale (contributo a carico del partecipante pari a \u20ac 300,00).<br>Le borse di studio, anche quelle finanziate da enti esterni, non sono cumulabili con altri esoneri o riduzioni delle tasse e dei contributi.<br>Le borse vengono assegnate secondo i seguenti criteri: vengono presi in considerazione criteri di merito dell\u2019intera carriera formativa e lavorativa (voto scuola secondaria superiore; altre specializzazioni o corsi di perfezionamento, eventuali premi e\/o riconoscimenti, abilitazioni, pubblicazioni, stage\/tirocinio e\/o ruoli di responsabilit\u00e0 in ambito lavorativo).<br>La commissione potr\u00e0 indicare ulteriori criteri di valutazione a proprio insindacabile giudizio.<br>\u00c8 prevista l\u2019ammissione in soprannumero di un numero massimo di 2 studenti provenienti dalle aree disagiate o da Paesi in via di sviluppo. L\u2019iscrizione di tale tipologia di studenti \u00e8 a titolo gratuito. I corsisti devono il contributo fisso per il rilascio dell\u2019attestato finale e l\u2019imposta fissa di bollo. Per l\u2019iscrizione dei succitati studenti si applica quanto disposto dalla normativa prevista in merito di ammissione di studenti con titolo estero.<\/p>\n\n\n\n<p><strong>Tutta la documentazione utile a richiedere un esonero o una riduzione delle tasse di iscrizione pu\u00f2 essere inviata a: bilancio.competenze.dsf@uniroma3.it.<\/strong><\/p>\n\n\n\n<h2 class=\"wp-block-heading\">Prove intermedie e finali<\/h2>\n\n\n\n<p>Non sono previste prove intermedie.<br>\u00c8 prevista una prova finale pratico-operativa che consiste nella elaborazione in modalit\u00e0 scritta di un project work individuale o di gruppo (composto da massimo 3 persone).<br>La valutazione finale sar\u00e0 espressa in termini di idoneit\u00e0.<br>Il requisito per accedere alla prova \u00e8 aver frequentato almeno il 70% delle attivit\u00e0 formative.<\/p>\n\n\n\n<h2 class=\"wp-block-heading\">Attestato di frequenza finale e CFU<\/h2>\n\n\n\n<p>Al termine del corso sar\u00e0 rilasciato l\u2019Attestato di frequenza finale con il riconoscimento di 5 CFU (Crediti Formativi Universitari).<br>L\u2019attestazione della positiva conclusione della Winter School e il rilascio dei 5 CFU sono vincolati:<br>&#8211; al pagamento dell\u2019intera quota di iscrizione;<br>&#8211; al raggiungimento della percentuale minima di frequenza pari al 70 %;<br>&#8211; all\u2019ottenimento dell\u2019idoneit\u00e0 alla prova finale.<\/p>\n\n\n\n<h2 class=\"wp-block-heading\">Docenti del corso<\/h2>\n\n\n\n<p>Prof.ssa Cecilia Costa<br>Prof. Antonio Cocozza<br>Prof. Andrea Casavecchia<br>Prof.ssa Valeria Caggiano<br>Prof.ssa Federica Caffaro<br>Dott.ssa Fabiola Lamberti<br>Dott.ssa Emanuela Proietti<br>Dott.ssa Maria Chiara De Angelis<br>Professori\/Professoresse ed esperti\/esperte del CRES IELPO<\/p>\n\n\n\n<h2 class=\"wp-block-heading\">Informazioni e recapiti<\/h2>\n\n\n\n<p>Direttrice del corso: Prof.ssa Cecilia Costa<br>email: cecilia.costa@uniroma3.it<\/p>\n\n\n\n<p>Coordinamento: Dott.ssa Emanuela Proietti<br>e-mail: emanuela.proietti@uniroma3.it<\/p>\n\n\n\n<p>Segreteria organizzativa: Dott. Giovanni Di Gennaro<br>e-mail: giovanni.digennaro@uniroma3.it<\/p>\n\n\n\n<p>Sede della Winter School: Dipartimento di Scienze della Formazione \u2013 Via del Castro Pretorio, 20 \u2013 V piano ala vecchia, stanza 5.2 \u2013 00185 Roma<\/p>\n\n\n\n<h2 class=\"wp-block-heading\">Domande di ammissione<\/h2>\n\n\n\n<p>Scadenza: 15 novembre 2023<\/p>\n\n\n\n<p>Per l\u2019invio delle Domande di Ammissione occorre preventivamente&nbsp;<a href=\"https:\/\/portalestudente.uniroma3.it\/come-registrarsi-sul-portale\/\">registrarsi sul Portale dello Studente<\/a>&nbsp;e successivamente seguire quanto riportato nella pagina dedicata alle&nbsp;<a href=\"https:\/\/portalestudente.uniroma3.it\/accedi\/area-studenti\/istruzioni\/come-presentare-la-domanda-per-la-partecipazione-alla-valutazione-per-corsi-post-lauream-master-corsi-di-aggiornamento-e-corsi-di-perfezionamento\/\">procedure per l\u2019invio delle Domande di Ammissione.<\/a><\/p>\n\n\n\n<p>Segnalazioni e richieste relative alle procedure amministrative del Master (difficolt\u00e0 nelle procedure di iscrizione, pagamenti, ritiro del diploma) devono essere effettuate online tramite il servizio di Helpdesk&nbsp;<a href=\"https:\/\/help.uniroma3.it\/\">https:\/\/help.uniroma3.it\/<\/a>&nbsp;selezionando: Ufficio Esami di Stato e Corsi Post Lauream.<\/p>\n\n\n\n<h3 class=\"wp-block-heading\">Winter School \u2013 Professione formazione: competenze per la progettazione \/ A.A. 2023\/2024 \/ <a href=\"https:\/\/www.uniroma3.it\/downloads\/pl2324\/20232024_195098_Master.pdf\">Regolamento<\/a><\/h3>\n\n\n\n<p><a href=\"https:\/\/scienzeformazione.uniroma3.it\/didattica\/post-lauream\/\">https:\/\/scienzeformazione.uniroma3.it\/didattica\/post-lauream\/<\/a><\/p>\n\n\n\n<p><a href=\"https:\/\/scienzeformazione.uniroma3.it\/didattica\/post-lauream\/master-e-corsi-post-lauream\/professione-formazione\/\">https:\/\/scienzeformazione.uniroma3.it\/didattica\/post-lauream\/master-e-corsi-post-lauream\/professione-formazione\/<\/a><\/p>\n\n\n\n<h3 class=\"wp-block-heading\">Summer\/Winter School A.A. 2023\/2024 \/ <a href=\"http:\/\/uniroma3.it\/didattica\/offerta-formativa\/post-lauream\/bando-di-ammissione\/\">Bando Corsi Post Lauream<\/a><\/h3>\n\n\n\n<h2 class=\"wp-block-heading\"><strong>Questionario per gli interessati<\/strong><\/h2>\n\n\n\n<p>Agli interessati alla WS chiediamo di compilare il seguente questionario.<br>Non vi sono risposte obbligatorie. L&#8217;obiettivo \u00e8 quello di conoscere motivazioni e bisogni dei possibili futuri partecipanti e condividere anche suggerimenti per lo svolgimento delle attivit\u00e0 didattiche.<br>Grazie del contributo!<br><a rel=\"noreferrer noopener\" href=\"https:\/\/forms.office.com\/e\/cKbk9k71S9\" target=\"_blank\">Questionario informativo<\/a><\/p>\n\n\n\n<h2 class=\"wp-block-heading\"><a href=\"https:\/\/cresielpo.uniroma3.it\/index.php\/attivita-di-formazione-2\/attivita-di-formazione\/winter-school-professione-formazione-competenze-per-la-progettazione\/faq\/\" data-type=\"page\" data-id=\"1005\" target=\"_blank\" rel=\"noreferrer noopener\">FAQ<\/a><\/h2>\n\n\n\n<h2 class=\"wp-block-heading\"><strong>Brochure<\/strong><\/h2>\n\n\n\n<div data-wp-interactive=\"core\/file\" class=\"wp-block-file\"><object data-wp-bind--hidden=\"!state.hasPdfPreview\" hidden class=\"wp-block-file__embed\" data=\"https:\/\/cresielpo.uniroma3.it\/wp-content\/uploads\/2023\/10\/Winter-school-Roma-TRE-Progettazione.pdf\" type=\"application\/pdf\" style=\"width:100%;height:600px\" aria-label=\"Incorporamento di Winter-school-Roma-TRE-Progettazione.\"><\/object><a id=\"wp-block-file--media-42334d7c-471d-41b8-83a3-b9c9397a6e12\" href=\"https:\/\/cresielpo.uniroma3.it\/wp-content\/uploads\/2023\/10\/Winter-school-Roma-TRE-Progettazione.pdf\">Winter-school-Roma-TRE-Progettazione<\/a><a href=\"https:\/\/cresielpo.uniroma3.it\/wp-content\/uploads\/2023\/10\/Winter-school-Roma-TRE-Progettazione.pdf\" class=\"wp-block-file__button wp-element-button\" download aria-describedby=\"wp-block-file--media-42334d7c-471d-41b8-83a3-b9c9397a6e12\">Download<\/a><\/div>\n","protected":false},"excerpt":{"rendered":"<p>A. A. 2023 \u2013 2024 La Winter School in Professione formazione: competenze per la progettazione ha l\u2019obiettivo di favorire l\u2019aggiornamento degli operatori e degli esperti &#8230; <\/p>\n","protected":false},"author":2,"featured_media":0,"parent":954,"menu_order":0,"comment_status":"open","ping_status":"closed","template":"","meta":{"footnotes":""},"class_list":["post-814","page","type-page","status-publish","hentry"],"_links":{"self":[{"href":"https:\/\/cresielpo.uniroma3.it\/index.php\/wp-json\/wp\/v2\/pages\/814","targetHints":{"allow":["GET"]}}],"collection":[{"href":"https:\/\/cresielpo.uniroma3.it\/index.php\/wp-json\/wp\/v2\/pages"}],"about":[{"href":"https:\/\/cresielpo.uniroma3.it\/index.php\/wp-json\/wp\/v2\/types\/page"}],"author":[{"embeddable":true,"href":"https:\/\/cresielpo.uniroma3.it\/index.php\/wp-json\/wp\/v2\/users\/2"}],"replies":[{"embeddable":true,"href":"https:\/\/cresielpo.uniroma3.it\/index.php\/wp-json\/wp\/v2\/comments?post=814"}],"version-history":[{"count":31,"href":"https:\/\/cresielpo.uniroma3.it\/index.php\/wp-json\/wp\/v2\/pages\/814\/revisions"}],"predecessor-version":[{"id":1018,"href":"https:\/\/cresielpo.uniroma3.it\/index.php\/wp-json\/wp\/v2\/pages\/814\/revisions\/1018"}],"up":[{"embeddable":true,"href":"https:\/\/cresielpo.uniroma3.it\/index.php\/wp-json\/wp\/v2\/pages\/954"}],"wp:attachment":[{"href":"https:\/\/cresielpo.uniroma3.it\/index.php\/wp-json\/wp\/v2\/media?parent=814"}],"curies":[{"name":"wp","href":"https:\/\/api.w.org\/{rel}","templated":true}]}}