{"id":818,"date":"2023-09-09T09:02:31","date_gmt":"2023-09-09T09:02:31","guid":{"rendered":"https:\/\/cresielpo.uniroma3.it\/?p=818"},"modified":"2023-10-23T05:54:50","modified_gmt":"2023-10-23T05:54:50","slug":"winter-school-in-consulente-di-bilancio-di-competenze","status":"publish","type":"page","link":"https:\/\/cresielpo.uniroma3.it\/index.php\/attivita-di-formazione-2\/attivita-di-formazione\/winter-school-in-consulente-di-bilancio-di-competenze\/","title":{"rendered":"Winter School Consulente di Bilancio di Competenze"},"content":{"rendered":"\n<p class=\"has-text-align-center\"><strong>A. A. 2023 \u2013 2024<\/strong><\/p>\n\n\n\n<p><em>Il Bilancio di Competenze<br>\u00abUn luogo e un tempo nel quale e attraverso il quale il soggetto ha l\u2019occasione di sviluppare una maggiore consapevolezza di s\u00e9 e una maggiore conoscenza dei contesti sociali e organizzativi in cui \u00e8 inserito e contestualmente ha la possibilit\u00e0 di negoziare in primo luogo con se stesso un progetto di sviluppo realistico di crescita socioprofessionale.\u00bb<br>Ruffini C., Sarchielli V. (a cura di) (2001). Il bilancio di competenze. Nuovi sviluppi. Milano: Franco Angeli<\/em><\/p>\n\n\n\n<p>La <strong>Winter School<\/strong> in <strong>Consulente di Bilancio di Competenze <\/strong>ha l\u2019obiettivo di favorire l\u2019aggiornamento degli operatori e degli esperti dell\u2019orientamento e della formazione, promuovendo la conoscenza e l\u2019utilizzo del dispositivo del Bilancio di Competenze. <br>Il percorso formativo \u00e8 promosso dal CReS IELPO, Centro di ricerca del Dipartimento di Scienze della Formazione dell\u2019Universit\u00e0 degli Studi Roma Tre, membro della <a rel=\"noreferrer noopener\" href=\"https:\/\/fecbop.eu\/\" target=\"_blank\">FECBOP \u2013 Federazione Europea dei Centri di Bilancio e di orientamento professione<\/a>.<\/p>\n\n\n\n<h2 class=\"wp-block-heading\"><strong>Obiettivi<\/strong> formativi<\/h2>\n\n\n\n<p>Il corso intende contribuire al miglioramento della qualit\u00e0 dell\u2019offerta dell\u2019orientamento, in particolare, degli adulti, attraverso una formazione specifica sull\u2019utilizzo dei Bilancio di Competenze, anche nei contesti organizzativi. <br>Gli obiettivi formativi si riferiscono alla necessit\u00e0 di inquadrare sul piano teorico questo dispositivo e assegnargli, al tempo stesso, uno spessore teorico, ma anche di formare i partecipanti alla sua promozione nei contesti organizzativi attuali, particolarmente interessati alle opportunit\u00e0 di valorizzazione delle persone e delle loro competenze. <br>Si vuole contribuire alla formazione dei partecipanti alla gestione delle tre fasi principali del Bilancio:<br>\u2022 FASE 1, che rappresenta la fase iniziale, di accoglienza e definizione rispetto all\u2019intero percorso di Bilancio, con l\u2019obiettivo di definire il contenuto e lo svolgimento del percorso, evidenziare le motivazioni da cui \u00e8 nata la richiesta e le aspettative nei suoi confronti.<br>\u2022 FASE 2, che \u00e8 il cuore del percorso di Bilancio e si realizza con un\u2019attivit\u00e0 di ricerca ed analisi finalizzata alla costruzione del progetto personale, con l\u2019obiettivo \u00e8 stato quello di individuare uno o pi\u00f9 progetti di sviluppo formativo, professionale e personale, far emergere conoscenze generali e professionali, capacit\u00e0 ed attitudini utili al nuovo progetto e identificare gli elementi di precedenti esperienze che possono essere trasferiti.<br>\u2022 FASE 3, che \u00e8 la fase conclusiva del Bilancio, durante la quale viene definita la strategia e le tappe da seguire per realizzare il proprio progetto, con l\u2019obiettivo di definire le tappe operative per attuare il progetto di sviluppo, evidenziare gli elementi utili alla sua realizzazione, fornire un quadro sistematico di quanto \u00e8 emerso durante il Bilancio di competenze, fornire materiali per costruire il proprio \u201cportafoglio di competenze\u201d.<br>Infine, un obiettivo fondamentale \u00e8 quello di formare il consulente alla redazione del Documento di sintesi, ultimo e decisivo passaggio del Bilancio.<\/p>\n\n\n\n<h2 class=\"wp-block-heading has-argento-background-color has-background\"><a href=\"https:\/\/cresielpo.uniroma3.it\/index.php\/attivita-di-formazione\/winter-school-in-consulente-di-bilancio-di-competenze\/ws-bdc-offerta-formativa\/\" data-type=\"page\" data-id=\"902\">Offerta formativa<\/a><\/h2>\n\n\n\n<h2 class=\"wp-block-heading\"><strong>Destinatari<\/strong><\/h2>\n\n\n\n<p>Operatori ed esperti dell&#8217;orientamento e della formazione professionale e continua, in possesso di un diploma di scuola secondaria superiore, che desiderino approfondire in modo specifico il BdC.<br>La WS \u00e8 rivolta a chi gi\u00e0 lavora nel settore, ma \u00e8 aperta anche agli operatori con collaborazioni e ai disoccupati con esperienze pregresse nell\u2019orientamento, che vorrebbero consolidare il loro inserimento nel mondo del lavoro.<\/p>\n\n\n\n<h2 class=\"wp-block-heading\"><strong>Sbocchi occupazionali<\/strong><\/h2>\n\n\n\n<p>Il Corso si propone come occasione di aggiornamento delle figure professionali operanti nell\u2019ambito dell\u2019orientamento e della formazione professionale e continua, sia nel contesto delle attivit\u00e0 finanziate con fondi europei e pubblici, sia della direzione delle risorse umane di medie e grandi aziende.<\/p>\n\n\n\n<h2 class=\"wp-block-heading\"><strong>Numero minimo e massimo di ammessi<\/strong><\/h2>\n\n\n\n<p>Il numero minimo affinch\u00e9 il Corso venga attivato \u00e8 di <strong>20 iscritti<\/strong>.<br>Il numero massimo degli ammessi al Corso \u00e8 di <strong>80 iscritti<\/strong>.<br>Nel caso in cui le domande di ammissione superino il numero massimo di ammessi, la selezione prende in considerazione criteri di merito dell\u2019intera carriera formativa e professionale (voto di diploma, specializzazioni, abilitazioni, pubblicazioni, stage\/tirocini); ruoli in ambito lavorativo (direzione, coordinamento, organizzazione, progettazione, erogazione, amministrazione e rendicontazione di attivit\u00e0 formative).<br>Non sono previste azioni di riconoscimento delle competenze pregresse.<\/p>\n\n\n\n<h2 class=\"wp-block-heading\"><strong>Durata del corso<\/strong><\/h2>\n\n\n\n<p>60 ore di didattica frontale (da erogarsi in presenza e in modo sincrono a distanza).<\/p>\n\n\n\n<h2 class=\"wp-block-heading\"><strong>Dove si svolge<\/strong><\/h2>\n\n\n\n<p>Il Corso si svolge: in presenza, presso le sedi del Dipartimento di Scienze della formazione, in Via del Castro Pretorio 20 e in Via Principe Amedeo 182b; online, su piattaforma TEAMS<\/p>\n\n\n\n<h2 class=\"wp-block-heading\"><strong>Tasse di iscrizione<\/strong><\/h2>\n\n\n\n<p>La tassa di iscrizione ammonta a \u20ac 800,00.<br>L\u2019importo \u00e8 da versare in un\u2019unica rata, entro il 30\/11\/2023.<br>All\u2019importo della rata sono aggiunti l\u2019imposta fissa di bollo e il contributo per il rilascio dell\u2019attestato.<br>Le quote di iscrizione non sono rimborsate in caso di volontaria rinuncia, ovvero in caso di non perfezionamento della documentazione prevista per l\u2019iscrizione al Corso.<br>Non \u00e8 presista l&#8217;iscrizione ai singoli moduli del Corso.<br>Il corso non prevede stage e la partecipazione di uditori.<\/p>\n\n\n\n<h3 class=\"wp-block-heading\"><strong>Esonero dalle tasse di iscrizione<\/strong><\/h3>\n\n\n\n<p>A coloro i quali si trovino in condizioni di disabilit\u00e0 con riconoscimento di handicap ai sensi dell\u2019articolo 3, commi 1 e 3, della legge 5 febbraio 1992, n. 104, o con un\u2019invalidit\u00e0 pari o superiore al 66% \u00e8 riconosciuto l\u2019esonero totale delle tasse e dei contributi fino ad un massimo di 2 studenti. Tuttavia, nel caso di un numero di domande superiore a 2, tutti gli studenti con disabilit\u00e0 saranno tenuti al pagamento della prima rata e saranno esonerati dalla seconda. Per usufruire dell\u2019esonero \u00e8 necessario allegare alla domanda di ammissione un certificato di invalidit\u00e0 rilasciato dalla struttura sanitaria competente indicante la percentuale riconosciuta.<\/p>\n\n\n\n<h3 class=\"wp-block-heading\">Riduzione della tassa di iscrizione<\/h3>\n\n\n\n<p>Siamo al lavoro per stipulare <a href=\"https:\/\/cresielpo.uniroma3.it\/index.php\/attivita-di-formazione\/winter-school-in-consulente-di-bilancio-di-competenze\/ws-bdc-convenzioni\/\" data-type=\"page\" data-id=\"899\">convenzioni con enti e societ\u00e0 di formazione e orientamento<\/a> che diano diritto a una riduzione sulla tassa di iscrizione dei propri collaboratori. <\/p>\n\n\n\n<h3 class=\"wp-block-heading\">Borse di studio<\/h3>\n\n\n\n<p>Sono previste n. 5 borse di studio. <br>Il Consiglio del Corso ha stabilito le seguenti articolazioni:<br>Tipo A) n. 5 borse di studio parziali destinate a persone in stato di disoccupazione documentata, pari a un contributo di \u20ac 320,00 da detrarre dalla quota totale (contributo a carico del partecipante pari a \u20ac 480,00).<br>Le borse di studio, anche quelle finanziate da enti esterni, non sono cumulabili con altri esoneri o riduzioni delle tasse e dei contributi.<br>Le borse vengono assegnate secondo i seguenti criteri:<br>&#8211; vengono presi in considerazione criteri di merito dell\u2019intera carriera formativa e lavorativa (voto scuola secondaria superiore; altre specializzazioni o corsi di perfezionamento, eventuali premi e\/o riconoscimenti, abilitazioni, pubblicazioni, stage\/tirocinio e\/o ruoli di responsabilit\u00e0 in ambito lavorativo).<br>La commissione potr\u00e0 indicare ulteriori criteri di valutazione a proprio insindacabile giudizio.<br>\u00c8 prevista l\u2019ammissione in soprannumero di un numero massimo di 2 studenti provenienti dalle aree disagiate o da Paesi in via di sviluppo. L\u2019iscrizione di tale tipologia di studenti \u00e8 a titolo gratuito. I corsisti devono il contributo fisso per il rilascio dell\u2019attestato finale e l\u2019imposta fissa di bollo. Per l\u2019iscrizione dei succitati studenti si applica quanto disposto dalla normativa prevista in merito di ammissione di studenti con titolo estero.<\/p>\n\n\n\n<p><strong>Tutta la documentazione utile a richiedere un esonero o una riduzione delle tasse di iscrizione pu\u00f2 essere inviata a: bilancio.competenze.dsf@uniroma3.it.<\/strong><\/p>\n\n\n\n<h2 class=\"wp-block-heading\"><strong>Prove intermedie e finali<\/strong><\/h2>\n\n\n\n<p>Non sono previste prove intermedie.<br>\u00c8 prevista una prova finale pratico-operativa che consiste nella elaborazione di un Bilancio di Competenze (project work).<br>La valutazione finale sar\u00e0 espressa in termini di idoneit\u00e0.<br>Il requisito per accedere alla prova \u00e8 aver frequentato almeno il 70% delle attivit\u00e0 formative.<\/p>\n\n\n\n<h2 class=\"wp-block-heading\"><strong>Attestato di frequenza finale<\/strong> e CFU<\/h2>\n\n\n\n<p>Al termine del corso sar\u00e0 rilasciato <em>l\u2019Attestato di frequenza finale<\/em> con il riconoscimento di 10 CFU (Crediti Formativi Universitari).<br>L\u2019attestazione della positiva conclusione della Winter School e il rilascio dei 10 CFU sono vincolati: <\/p>\n\n\n\n<ol class=\"wp-block-list\">\n<li>al pagamento dell\u2019intera quota di iscrizione;<\/li>\n\n\n\n<li>al raggiungimento della percentuale minima di frequenza pari al 70 %;<\/li>\n\n\n\n<li>all\u2019ottenimento dell\u2019idoneit\u00e0 alla prova finale.<\/li>\n<\/ol>\n\n\n\n<h2 class=\"wp-block-heading\"><strong>Docenti del corso<\/strong><\/h2>\n\n\n\n<p>Prof. Antonio Cocozza<br>Prof.ssa Cecilia Costa<br>Prof. Andrea Casavecchia<br>Prof.ssa Valeria Caggiano<br>Prof.ssa Federica Caffaro<br>Dott.ssa Fabiola Lamberti<br>Dott.ssa Emanuela Proietti<br>Prof. Paolino Serreri<br>Professori\/Professoresse ed esperti\/esperte del CRES IELPO<\/p>\n\n\n\n<h2 class=\"wp-block-heading\">Informazioni e recapiti<\/h2>\n\n\n\n<p>Direttrice della Winter School: Dott.ssa Emanuela Proietti<br>e-mail: emanuela.proietti@uniroma3.it <\/p>\n\n\n\n<p>Segreteria organizzativa: Dott. Giovanni Di Gennaro<br>e-mail: giovanni.digennaro@uniroma3.it<\/p>\n\n\n\n<p>Sede della Winter&nbsp;School: Dipartimento di Scienze della Formazione \u2013 Via del Castro Pretorio, 20 \u2013 V piano (ala vecchia), stanza 5.2 \u2013 00185 Roma<\/p>\n\n\n\n<h2 class=\"wp-block-heading\"><strong>Domande di ammissione<\/strong><\/h2>\n\n\n\n<p>Scadenza: 15 novembre 2023<\/p>\n\n\n\n<p>Per l\u2019invio delle Domande di Ammissione occorre preventivamente&nbsp;<span id=\"identifier__89010-3\" class=\"screen-reader-text\">Link identifier #identifier__89010-3<\/span><a href=\"https:\/\/portalestudente.uniroma3.it\/come-registrarsi-sul-portale\/\" aria-labelledby=\"identifier__89010-3\">registrarsi sul Portale dello Studente<\/a>&nbsp;e successivamente seguire quanto riportato nella pagina dedicata alle&nbsp;<span id=\"identifier__163417-4\" class=\"screen-reader-text\">Link identifier #identifier__163417-4<\/span><a href=\"https:\/\/portalestudente.uniroma3.it\/accedi\/area-studenti\/istruzioni\/come-presentare-la-domanda-per-la-partecipazione-alla-valutazione-per-corsi-post-lauream-master-corsi-di-aggiornamento-e-corsi-di-perfezionamento\/\" aria-labelledby=\"identifier__163417-4\">procedure per l\u2019invio delle Domande di Ammissione<\/a>.<\/p>\n\n\n\n<p>Segnalazioni e richieste relative alle procedure amministrative del Master (difficolt\u00e0 nelle procedure di iscrizione, pagamenti, ritiro del diploma) devono essere effettuate online tramite il servizio di Helpdesk&nbsp;<span id=\"identifier__184128-3\" class=\"screen-reader-text\">Link identifier #identifier__184128-3<\/span><a id=\"LPlnk491786\" rel=\"noopener noreferrer\" aria-labelledby=\"identifier__184128-3\" data-auth=\"NotApplicable\" data-linkindex=\"0\" href=\"https:\/\/help.uniroma3.it\/\" target=\"_blank\">https:\/\/help.uniroma3.it\/<\/a>&nbsp;selezionando: Ufficio Esami di Stato e Corsi Post Lauream.<\/p>\n\n\n\n<h3 class=\"wp-block-heading\">Winter School &#8211; Consulente di Bilancio di Competenze \/ A.A. 2023\/2024 \/ <a href=\"http:\/\/www.uniroma3.it\/downloads\/pl2324\/20232024_195099_Master.pdf\">Regolamento<\/a><\/h3>\n\n\n\n<p><a href=\"https:\/\/scienzeformazione.uniroma3.it\/didattica\/post-lauream\/\" target=\"_blank\" rel=\"noreferrer noopener\">https:\/\/scienzeformazione.uniroma3.it\/didattica\/post-lauream\/<\/a><\/p>\n\n\n\n<p><a href=\"https:\/\/scienzeformazione.uniroma3.it\/didattica\/post-lauream\/master-e-corsi-post-lauream\/consulente-di-bilancio-di-competenze\/\" target=\"_blank\" rel=\"noreferrer noopener\">https:\/\/scienzeformazione.uniroma3.it\/didattica\/post-lauream\/master-e-corsi-post-lauream\/consulente-di-bilancio-di-competenze\/<\/a><\/p>\n\n\n\n<h3 class=\"wp-block-heading\">Summer\/Winter School A.A. 2023\/2024 \/ <a href=\"https:\/\/www.uniroma3.it\/didattica\/offerta-formativa\/post-lauream\/bando-di-ammissione\/\">Bando Corsi Post Lauream<\/a><\/h3>\n\n\n\n<h2 class=\"wp-block-heading\">Questionario per gli interessati<\/h2>\n\n\n\n<p>Agli interessati alla WS chiediamo di compilare il seguente questionario.<br>Non vi sono risposte obbligatorie. L&#8217;obiettivo \u00e8 quello di conoscere motivazioni e bisogni dei possibili futuri partecipanti e condividere anche suggerimenti per lo svolgimento delle attivit\u00e0 didattiche. <br>Grazie del contributo!<br><a rel=\"noreferrer noopener\" href=\"https:\/\/forms.office.com\/e\/2rrDnDLn1W\" target=\"_blank\">Questionario informativo<\/a><\/p>\n\n\n\n<h2 class=\"wp-block-heading\">Brochure<\/h2>\n\n\n\n<div data-wp-interactive=\"core\/file\" class=\"wp-block-file\"><object data-wp-bind--hidden=\"!state.hasPdfPreview\" hidden class=\"wp-block-file__embed\" data=\"https:\/\/cresielpo.uniroma3.it\/wp-content\/uploads\/2023\/10\/Winter-school-Roma-TRE-BdC-.pdf\" type=\"application\/pdf\" style=\"width:100%;height:600px\" aria-label=\"Incorporamento di Winter-school-Roma-TRE-BdC-.\"><\/object><a id=\"wp-block-file--media-7e25a4c3-30be-4d88-ae5a-37730eb13e4d\" href=\"https:\/\/cresielpo.uniroma3.it\/wp-content\/uploads\/2023\/10\/Winter-school-Roma-TRE-BdC-.pdf\">Winter-school-Roma-TRE-BdC-<\/a><a href=\"https:\/\/cresielpo.uniroma3.it\/wp-content\/uploads\/2023\/10\/Winter-school-Roma-TRE-BdC-.pdf\" class=\"wp-block-file__button wp-element-button\" download aria-describedby=\"wp-block-file--media-7e25a4c3-30be-4d88-ae5a-37730eb13e4d\">Download<\/a><\/div>\n","protected":false},"excerpt":{"rendered":"<p>A. A. 2023 \u2013 2024 Il Bilancio di Competenze\u00abUn luogo e un tempo nel quale e attraverso il quale il soggetto ha l\u2019occasione di sviluppare &#8230; <\/p>\n","protected":false},"author":2,"featured_media":0,"parent":954,"menu_order":0,"comment_status":"open","ping_status":"closed","template":"","meta":{"footnotes":""},"class_list":["post-818","page","type-page","status-publish","hentry"],"_links":{"self":[{"href":"https:\/\/cresielpo.uniroma3.it\/index.php\/wp-json\/wp\/v2\/pages\/818","targetHints":{"allow":["GET"]}}],"collection":[{"href":"https:\/\/cresielpo.uniroma3.it\/index.php\/wp-json\/wp\/v2\/pages"}],"about":[{"href":"https:\/\/cresielpo.uniroma3.it\/index.php\/wp-json\/wp\/v2\/types\/page"}],"author":[{"embeddable":true,"href":"https:\/\/cresielpo.uniroma3.it\/index.php\/wp-json\/wp\/v2\/users\/2"}],"replies":[{"embeddable":true,"href":"https:\/\/cresielpo.uniroma3.it\/index.php\/wp-json\/wp\/v2\/comments?post=818"}],"version-history":[{"count":44,"href":"https:\/\/cresielpo.uniroma3.it\/index.php\/wp-json\/wp\/v2\/pages\/818\/revisions"}],"predecessor-version":[{"id":1015,"href":"https:\/\/cresielpo.uniroma3.it\/index.php\/wp-json\/wp\/v2\/pages\/818\/revisions\/1015"}],"up":[{"embeddable":true,"href":"https:\/\/cresielpo.uniroma3.it\/index.php\/wp-json\/wp\/v2\/pages\/954"}],"wp:attachment":[{"href":"https:\/\/cresielpo.uniroma3.it\/index.php\/wp-json\/wp\/v2\/media?parent=818"}],"curies":[{"name":"wp","href":"https:\/\/api.w.org\/{rel}","templated":true}]}}